{"id":218,"date":"2020-11-09T13:05:46","date_gmt":"2020-11-09T13:05:46","guid":{"rendered":"http:\/\/demo.reservaensayos.com\/?page_id=218"},"modified":"2020-11-09T13:05:47","modified_gmt":"2020-11-09T13:05:47","slug":"instruccions","status":"publish","type":"page","link":"https:\/\/demo.reservaensayos.com\/gl\/instruccions\/","title":{"rendered":"Instrucci\u00f3ns"},"content":{"rendered":"\n<h2>RESERVAR ENSAIO<\/h2>\n\n\n\n<p>Para reservar un ensaio vai \u00e1 <a href=\"http:\/\/cmusmanuelquiroga.reservaensayos.com\/\" data-type=\"page\" data-id=\"6\">p\u00e1xina de inicio<\/a> e enche os campos obrigatorios.<\/p>\n\n\n\n<figure class=\"wp-block-embed-youtube wp-block-embed is-type-video is-provider-youtube wp-embed-aspect-16-9 wp-has-aspect-ratio\"><div class=\"wp-block-embed__wrapper\">\n<iframe title=\"C\u00f3mo reservar un ensayo\" width=\"580\" height=\"326\" src=\"https:\/\/www.youtube.com\/embed\/F1vN6LtG5WA?feature=oembed\" frameborder=\"0\" allow=\"accelerometer; autoplay; clipboard-write; encrypted-media; gyroscope; picture-in-picture\" allowfullscreen><\/iframe>\n<\/div><\/figure>\n\n\n\n<h2>ACCEDER AO PANEL DO ESTUDANTE<\/h2>\n\n\n\n<p>Despois de facer a primeira reserva, no correo electr\u00f3nico de confirmaci\u00f3n recibir\u00e1s unha ligaz\u00f3n ao teu panel de estudante, fai clic nel e poder\u00e1 configurar o contrasinal para acceder.<\/p>\n\n\n\n<figure class=\"wp-block-embed-youtube wp-block-embed is-type-video is-provider-youtube wp-embed-aspect-16-9 wp-has-aspect-ratio\"><div class=\"wp-block-embed__wrapper\">\n<iframe title=\"C\u00f3mo acceder al Panel del alumno\" width=\"580\" height=\"326\" src=\"https:\/\/www.youtube.com\/embed\/q7J4FJRqwEA?feature=oembed\" frameborder=\"0\" allow=\"accelerometer; autoplay; clipboard-write; encrypted-media; gyroscope; picture-in-picture\" allowfullscreen><\/iframe>\n<\/div><\/figure>\n\n\n\n<h2>CANCELAR RESERVA DE ENSAIO<\/h2>\n\n\n\n<p>Para cancelar unha proba reservada, acceda ao seu panel de estudantes, localice a reserva e faga clic no bot\u00f3n coa icona de lapis e seleccione Cancelar.<\/p>\n\n\n\n<p>Recibir\u00e1s un correo electr\u00f3nico confirmando a cancelaci\u00f3n.<\/p>\n\n\n\n<figure class=\"wp-block-embed-youtube wp-block-embed is-type-video is-provider-youtube wp-embed-aspect-16-9 wp-has-aspect-ratio\"><div class=\"wp-block-embed__wrapper\">\n<iframe title=\"C\u00f3mo cancelar una reserva de ensayo\" width=\"580\" height=\"326\" src=\"https:\/\/www.youtube.com\/embed\/v7kT6pO1hMw?feature=oembed\" frameborder=\"0\" allow=\"accelerometer; autoplay; clipboard-write; encrypted-media; gyroscope; picture-in-picture\" allowfullscreen><\/iframe>\n<\/div><\/figure>\n","protected":false},"excerpt":{"rendered":"<p>RESERVAR ENSAIO Para reservar un ensaio vai \u00e1 p\u00e1xina de inicio e enche os campos obrigatorios. ACCEDER AO PANEL DO ESTUDANTE Despois de facer a primeira reserva, no correo electr\u00f3nico de confirmaci\u00f3n recibir\u00e1s unha ligaz\u00f3n ao teu panel de estudante, fai clic nel e poder\u00e1 configurar o contrasinal para acceder. CANCELAR RESERVA DE ENSAIO Para [&hellip;]<\/p>\n","protected":false},"author":1,"featured_media":0,"parent":0,"menu_order":0,"comment_status":"closed","ping_status":"closed","template":"","meta":[],"_links":{"self":[{"href":"https:\/\/demo.reservaensayos.com\/gl\/wp-json\/wp\/v2\/pages\/218\/"}],"collection":[{"href":"https:\/\/demo.reservaensayos.com\/gl\/wp-json\/wp\/v2\/pages\/"}],"about":[{"href":"https:\/\/demo.reservaensayos.com\/gl\/wp-json\/wp\/v2\/types\/page\/"}],"author":[{"embeddable":true,"href":"https:\/\/demo.reservaensayos.com\/gl\/wp-json\/wp\/v2\/users\/1\/"}],"replies":[{"embeddable":true,"href":"https:\/\/demo.reservaensayos.com\/gl\/wp-json\/wp\/v2\/comments\/?post=218"}],"version-history":[{"count":0,"href":"https:\/\/demo.reservaensayos.com\/gl\/wp-json\/wp\/v2\/pages\/218\/revisions\/"}],"wp:attachment":[{"href":"https:\/\/demo.reservaensayos.com\/gl\/wp-json\/wp\/v2\/media\/?parent=218"}],"curies":[{"name":"wp","href":"https:\/\/api.w.org\/{rel}","templated":true}]}}