{"id":233,"date":"2020-11-09T13:11:03","date_gmt":"2020-11-09T13:11:03","guid":{"rendered":"http:\/\/demo.reservaensayos.com\/?page_id=233"},"modified":"2020-11-09T13:29:20","modified_gmt":"2020-11-09T13:29:20","slug":"aviso-legal","status":"publish","type":"page","link":"https:\/\/demo.reservaensayos.com\/gl\/aviso-legal\/","title":{"rendered":"Aviso Legal"},"content":{"rendered":"\n<h2>Datos de identificaci\u00f3n: <\/h2>\n\n\n\n<p>En cumprimento do deber de informaci\u00f3n recollido no artigo 10 da Lei 34\/2002, do 11 de xullo, de servizos da sociedade da informaci\u00f3n e comercio electr\u00f3nico, a continuaci\u00f3n ind\u00edcanse os datos de informaci\u00f3n xeral do sitio web ( reservaensayos.com) e os datos fiscais da empresa est\u00e1n expostos, sendo o responsable da operaci\u00f3n:<\/p>\n\n\n\n<p>Juan Mart\u00ednez-Almeida (en diante JMA)<br>35315826Q<br>Rua Curtidoira 2<br>36003 Pontevedra<\/p>\n\n\n\n<h2>Finalidade do aviso legal:<\/h2>\n\n\n\n<p>O Aviso legal regula as condici\u00f3ns, acceso e uso do sitio web, o seu contido e servizos, de pago ou gratu\u00edtos, postos a disposici\u00f3n dos usuarios; e a pol\u00edtica de reservas de JMA cos seus clientes.<\/p>\n\n\n\n<h2>Protecci\u00f3n de datos:<\/h2>\n\n\n\n<p>En cumprimento do Regulamento (UE) 2016\/679 do Parlamento Europeo e do Consello, do 27 de abril de 2016, relativo \u00e1 protecci\u00f3n das persoas f\u00edsicas no que respecta ao tratamento de datos persoais, polo que se derroga a Directiva 95 \/ 46 \/ CE (en diante, RGPD), Lei 34\/2002, do 11 de xullo, de servizos da sociedade da informaci\u00f3n e comercio electr\u00f3nico (en diante, LSSI-CE) e Lei org\u00e1nica 3 \/ 2018, Protecci\u00f3n de datos persoais e Garant\u00eda de dereitos dixitais (en diante, LOPDyGDD), JMA garante a protecci\u00f3n e confidencialidade dos datos persoais, de calquera tipo que os nosos clientes nos proporcionen, de conformidade co establecido no Regulamento xeral de Protecci\u00f3n de datos persoais.<\/p>\n\n\n\n<p>A pol\u00edtica de protecci\u00f3n de datos de JMA ap\u00f3iase no principio de responsabilidade proactiva, segundo a cal o responsable do tratamento \u00e9 responsable do cumprimento do marco normativo e xurisprudencial, podendo demostralo \u00e1s autoridades de control correspondentes.<\/p>\n\n\n\n<p>Os datos facilitados ser\u00e1n tratados nos termos establecidos no RGPD. Neste sentido, JMA adoptou os niveis de protecci\u00f3n legalmente requiridos e instalou todas as medidas t\u00e9cnicas ao seu alcance para evitar a perda, o uso indebido, a alteraci\u00f3n e o acceso non autorizado por terceiros, que se detallan a continuaci\u00f3n. Non obstante, o usuario debe ser consciente de que as medidas de seguridade en Internet non son inexpugnables.<\/p>\n\n\n\n<h2>Propiedade Intelectual:<\/h2>\n\n\n\n<p>A informaci\u00f3n e contidos que se recollen neste sitio web, as\u00ed como o c\u00f3digo fonte, dese\u00f1os gr\u00e1ficos, imaxes, fotograf\u00edas, software e textos, est\u00e1n protexidos pola lexislaci\u00f3n espa\u00f1ola sobre dereitos de propiedade intelectual e industrial. a favor de JMA e non se permite a reproduci\u00f3n e \/ ou publicaci\u00f3n total ou parcial do sitio web, nin o seu procesamento inform\u00e1tico, a s\u00faa distribuci\u00f3n, a s\u00faa difusi\u00f3n, a s\u00faa modificaci\u00f3n, a s\u00faa transformaci\u00f3n ou outros dereitos reco\u00f1ecidos legalmente ao seu propietario, sen o previo permiso por escrito do mesmo. Todos os dereitos derivados da propiedade intelectual est\u00e1n reservados expresamente por JMA. O usuario, \u00fanica e exclusivamente, pode utilizar o material que aparece neste sitio web para o seu uso persoal e privado, est\u00e1 prohibido o seu uso con fins comerciais ou para participar en actividades ilegais.<\/p>\n\n\n\n<h2>Exclusi\u00f3n de garant\u00edas e responsabilidade:<\/h2>\n\n\n\n<p>JMA non se fai responsable, en ning\u00fan caso, dos danos de calquera tipo que poidan causar, a modo de exemplo: erros ou omisi\u00f3ns no contido, falta de dispo\u00f1ibilidade do portal ou a transmisi\u00f3n de virus ou programas maliciosos ou nocivos no contido, a pesar de ter adoptado todas as medidas tecnol\u00f3xicas necesarias para evitalo.<\/p>\n\n\n\n<h2>Modificaci\u00f3ns:<\/h2>\n\n\n\n<p>JMA res\u00e9rvase o dereito de realizar as modificaci\u00f3ns que considere oportunas no seu sitio web sen previo aviso, podendo cambiar, eliminar ou engadir tanto o contido como os servizos proporcionados a trav\u00e9s del e a forma en que se presentan ou se atopan. na s\u00faa p\u00e1xina web.<\/p>\n\n\n\n<h2>Ligaz\u00f3ns a terceiros:<\/h2>\n\n\n\n<p>No caso de ligaz\u00f3ns a sitios web de terceiros, o Usuario rexerase polos Termos de uso e a Pol\u00edtica de privacidade do novo sitio. JMA non ser\u00e1 responsable nin ter\u00e1 a obriga legal do uso destes sitios.<\/p>\n\n\n\n<h2>Xeneralidades:<\/h2>\n\n\n\n<p>JMA non far\u00e1 publicidade enganosa a trav\u00e9s do seu sitio web. A estes efectos, polo tanto, os erros formais ou num\u00e9ricos que se poidan atopar ao longo do contido das distintas secci\u00f3ns do sitio web producidos como resultado dun mantemento e \/ ou actualizaci\u00f3n da informaci\u00f3n incompleta ou defectuosa non se considerar\u00e1n publicidade enganosa. contidas nestas secci\u00f3ns. JMA, como consecuencia do disposto nesta secci\u00f3n, comprom\u00e9tese a corrixilo en canto te\u00f1a co\u00f1ecemento dos devanditos erros. JMA non se fai responsable do incumprimento de ningunha norma aplicable que poida incorrer o Usuario ao acceder ao sitio web e \/ ou utilizar a informaci\u00f3n contida nel.<\/p>\n\n\n\n<h2>Lexislaci\u00f3n e xurisdici\u00f3n aplicables:<\/h2>\n\n\n\n<p>As partes, renunciando \u00e1 s\u00faa propia xurisdici\u00f3n, se \u00e9 posible, som\u00e9tense aos Xulgados e Tribunais da provincia de Pontevedra. A lei aplicable ser\u00e1 a espa\u00f1ola.<\/p>\n\n\n\n<p>En Pontevedra o 30\/10\/2020<\/p>\n","protected":false},"excerpt":{"rendered":"<p>Datos de identificaci\u00f3n: En cumprimento do deber de informaci\u00f3n recollido no artigo 10 da Lei 34\/2002, do 11 de xullo, de servizos da sociedade da informaci\u00f3n e comercio electr\u00f3nico, a continuaci\u00f3n ind\u00edcanse os datos de informaci\u00f3n xeral do sitio web ( reservaensayos.com) e os datos fiscais da empresa est\u00e1n expostos, sendo o responsable da operaci\u00f3n: [&hellip;]<\/p>\n","protected":false},"author":1,"featured_media":0,"parent":0,"menu_order":0,"comment_status":"closed","ping_status":"closed","template":"","meta":[],"_links":{"self":[{"href":"https:\/\/demo.reservaensayos.com\/gl\/wp-json\/wp\/v2\/pages\/233\/"}],"collection":[{"href":"https:\/\/demo.reservaensayos.com\/gl\/wp-json\/wp\/v2\/pages\/"}],"about":[{"href":"https:\/\/demo.reservaensayos.com\/gl\/wp-json\/wp\/v2\/types\/page\/"}],"author":[{"embeddable":true,"href":"https:\/\/demo.reservaensayos.com\/gl\/wp-json\/wp\/v2\/users\/1\/"}],"replies":[{"embeddable":true,"href":"https:\/\/demo.reservaensayos.com\/gl\/wp-json\/wp\/v2\/comments\/?post=233"}],"version-history":[{"count":0,"href":"https:\/\/demo.reservaensayos.com\/gl\/wp-json\/wp\/v2\/pages\/233\/revisions\/"}],"wp:attachment":[{"href":"https:\/\/demo.reservaensayos.com\/gl\/wp-json\/wp\/v2\/media\/?parent=233"}],"curies":[{"name":"wp","href":"https:\/\/api.w.org\/{rel}","templated":true}]}}